{"id":28686,"date":"2024-06-17T15:53:54","date_gmt":"2024-06-17T19:53:54","guid":{"rendered":"https:\/\/www.go-van.club\/reserver\/cecile-lodges\/"},"modified":"2025-09-11T12:40:25","modified_gmt":"2025-09-11T16:40:25","slug":"cecile-lodges","status":"publish","type":"product","link":"https:\/\/www.go-van.club\/en\/book\/cecile-lodges\/","title":{"rendered":"Go-Box | C\u00e9cile Lodges &#8211; 20 pi"},"content":{"rendered":"<div id=\"1718822481.139179\" class=\"c-virtual_list__item\" tabindex=\"0\" role=\"listitem\" aria-setsize=\"-1\" data-qa=\"virtual-list-item\" data-item-key=\"1718822481.139179\">\n<div class=\"c-message_kit__background p-message_pane_message__message c-message_kit__message\" role=\"presentation\" data-qa=\"message_container\" data-qa-unprocessed=\"false\" data-qa-placeholder=\"false\">\n<div class=\"c-message_kit__hover\" role=\"document\" aria-roledescription=\"message\" data-qa-hover=\"true\">\n<div class=\"c-message_kit__actions c-message_kit__actions--above\">\n<div class=\"c-message_kit__gutter\">\n<div class=\"c-message_kit__gutter__right\" role=\"presentation\" data-qa=\"message_content\">\n<div class=\"c-message_kit__blocks c-message_kit__blocks--rich_text\">\n<div class=\"c-message__message_blocks c-message__message_blocks--rich_text\" data-qa=\"message-text\">\n<div class=\"p-block_kit_renderer\" data-qa=\"block-kit-renderer\">\n<div class=\"p-block_kit_renderer__block_wrapper p-block_kit_renderer__block_wrapper--first\">\n<div class=\"p-rich_text_block\" dir=\"auto\">\n<div class=\"p-rich_text_section\">\n<p>Located in the heart of the Mont Ste-C\u00e9cile site, C\u00e9cile Lodges will make its first accommodation unit available for rent from summer 2024. Sports and outdoor enthusiasts, will be able to enjoy access to mountain bike and cross-country ski trails from their cabin in a Bike\/ski &amp; sleep mode.<\/p>\n<p>LE BOX will give sports and outdoor enthusiasts access to bike and ski trails in Bike\/Ski &amp; Sleep mode. Come and recharge your batteries, recharge your batteries and get away from it all.<\/p>\n<p>The kitchenette is equipped with a gas stove, cooking utensils and a small refrigerator. The cabin is equipped with a full bathroom including toilet and shower. For your comfort, a retractable queen-size bed is available. The bed can be raised when not in use, to optimize the living space and make it more functional. Two sofa-beds let you enjoy the view of the forest, and can sleep 2 children. The cabin is 100% self-sufficient with solar panels and propane heating.<\/p>\n<p>To keep warm, you&#8217;ll find a wood-burning stove inside the cabin, as well as an outdoor fire pit, so you can enjoy your evenings watching the impressive sky over this starry reserve.<\/p>\n<\/div>\n<\/div>\n<\/div>\n<\/div>\n<\/div>\n<\/div>\n<\/div>\n<\/div>\n<\/div>\n<\/div>\n<\/div>\n<\/div>\n","protected":false},"excerpt":{"rendered":"<p>Located in the heart of the Mont Ste-C\u00e9cile site, C\u00e9cile Lodges will make its first accommodation unit available for rent from summer 2024. Sports and outdoor enthusiasts, will be able to enjoy access to mountain bike and cross-country ski trails from their cabin in a Bike\/ski &amp; sleep mode. LE BOX will give sports and&hellip;<\/p>\n","protected":false},"featured_media":20858,"comment_status":"closed","ping_status":"closed","template":"","meta":{"_acf_changed":false,"inline_featured_image":false},"product_brand":[],"product_cat":[140],"product_tag":[],"class_list":{"0":"post-28686","1":"product","2":"type-product","3":"status-publish","4":"has-post-thumbnail","6":"product_region-estrie-en","7":"product_cat-go-box-en","8":"member-discount","9":"discount-restricted","11":"first","12":"instock","13":"taxable","14":"shipping-taxable","15":"product-type-simple"},"acf":[],"yoast_head":"<!-- This site is optimized with the Yoast SEO plugin v27.4 - https:\/\/yoast.com\/product\/yoast-seo-wordpress\/ -->\n<title>Go-Box | C\u00e9cile Lodges - 20 pi - Go-Van Club<\/title>\n<meta name=\"robots\" content=\"index, follow, max-snippet:-1, max-image-preview:large, max-video-preview:-1\" \/>\n<link rel=\"canonical\" href=\"https:\/\/www.go-van.club\/en\/book\/cecile-lodges\/\" \/>\n<meta property=\"og:locale\" content=\"en_US\" \/>\n<meta property=\"og:type\" content=\"article\" \/>\n<meta property=\"og:title\" content=\"Go-Box | C\u00e9cile Lodges - 20 pi - Go-Van Club\" \/>\n<meta property=\"og:description\" content=\"Located in the heart of the Mont Ste-C\u00e9cile site, C\u00e9cile Lodges will make its first accommodation unit available for rent from summer 2024. Sports and outdoor enthusiasts, will be able to enjoy access to mountain bike and cross-country ski trails from their cabin in a Bike\/ski &amp; sleep mode. LE BOX will give sports and&hellip;\" \/>\n<meta property=\"og:url\" content=\"https:\/\/www.go-van.club\/en\/book\/cecile-lodges\/\" \/>\n<meta property=\"og:site_name\" content=\"Go-Van Club\" \/>\n<meta property=\"article:publisher\" content=\"https:\/\/www.facebook.com\/govancom\" \/>\n<meta property=\"article:modified_time\" content=\"2025-09-11T16:40:25+00:00\" \/>\n<meta property=\"og:image\" content=\"https:\/\/www.go-van.club\/wp-content\/uploads\/2024\/06\/DSCF6284.jpg\" \/>\n\t<meta property=\"og:image:width\" content=\"1336\" \/>\n\t<meta property=\"og:image:height\" content=\"904\" \/>\n\t<meta property=\"og:image:type\" content=\"image\/jpeg\" \/>\n<meta name=\"twitter:card\" content=\"summary_large_image\" \/>\n<meta name=\"twitter:label1\" content=\"Est. reading time\" \/>\n\t<meta name=\"twitter:data1\" content=\"2 minutes\" \/>\n<script type=\"application\/ld+json\" class=\"yoast-schema-graph\">{\"@context\":\"https:\\\/\\\/schema.org\",\"@graph\":[{\"@type\":\"WebPage\",\"@id\":\"https:\\\/\\\/www.go-van.club\\\/en\\\/book\\\/cecile-lodges\\\/\",\"url\":\"https:\\\/\\\/www.go-van.club\\\/en\\\/book\\\/cecile-lodges\\\/\",\"name\":\"Go-Box | C\u00e9cile Lodges - 20 pi - Go-Van Club\",\"isPartOf\":{\"@id\":\"https:\\\/\\\/www.go-van.club\\\/#website\"},\"primaryImageOfPage\":{\"@id\":\"https:\\\/\\\/www.go-van.club\\\/en\\\/book\\\/cecile-lodges\\\/#primaryimage\"},\"image\":{\"@id\":\"https:\\\/\\\/www.go-van.club\\\/en\\\/book\\\/cecile-lodges\\\/#primaryimage\"},\"thumbnailUrl\":\"https:\\\/\\\/www.go-van.club\\\/wp-content\\\/uploads\\\/2024\\\/06\\\/DSCF6284.jpg\",\"datePublished\":\"2024-06-17T19:53:54+00:00\",\"dateModified\":\"2025-09-11T16:40:25+00:00\",\"breadcrumb\":{\"@id\":\"https:\\\/\\\/www.go-van.club\\\/en\\\/book\\\/cecile-lodges\\\/#breadcrumb\"},\"inLanguage\":\"en-CA\",\"potentialAction\":[{\"@type\":\"ReadAction\",\"target\":[\"https:\\\/\\\/www.go-van.club\\\/en\\\/book\\\/cecile-lodges\\\/\"]}]},{\"@type\":\"ImageObject\",\"inLanguage\":\"en-CA\",\"@id\":\"https:\\\/\\\/www.go-van.club\\\/en\\\/book\\\/cecile-lodges\\\/#primaryimage\",\"url\":\"https:\\\/\\\/www.go-van.club\\\/wp-content\\\/uploads\\\/2024\\\/06\\\/DSCF6284.jpg\",\"contentUrl\":\"https:\\\/\\\/www.go-van.club\\\/wp-content\\\/uploads\\\/2024\\\/06\\\/DSCF6284.jpg\",\"width\":1336,\"height\":904},{\"@type\":\"BreadcrumbList\",\"@id\":\"https:\\\/\\\/www.go-van.club\\\/en\\\/book\\\/cecile-lodges\\\/#breadcrumb\",\"itemListElement\":[{\"@type\":\"ListItem\",\"position\":1,\"name\":\"Home\",\"item\":\"https:\\\/\\\/www.go-van.club\\\/en\\\/\"},{\"@type\":\"ListItem\",\"position\":2,\"name\":\"Espaces Go-Van\",\"item\":\"https:\\\/\\\/www.go-van.club\\\/reserver\\\/\"},{\"@type\":\"ListItem\",\"position\":3,\"name\":\"Go-Box | C\u00e9cile Lodges &#8211; 20 pi\"}]},{\"@type\":\"WebSite\",\"@id\":\"https:\\\/\\\/www.go-van.club\\\/#website\",\"url\":\"https:\\\/\\\/www.go-van.club\\\/\",\"name\":\"Go-Van Club\",\"description\":\"R\u00e9servez pour la nuit dans nos espaces Go-Van\",\"publisher\":{\"@id\":\"https:\\\/\\\/www.go-van.club\\\/#organization\"},\"potentialAction\":[{\"@type\":\"SearchAction\",\"target\":{\"@type\":\"EntryPoint\",\"urlTemplate\":\"https:\\\/\\\/www.go-van.club\\\/?s={search_term_string}\"},\"query-input\":{\"@type\":\"PropertyValueSpecification\",\"valueRequired\":true,\"valueName\":\"search_term_string\"}}],\"inLanguage\":\"en-CA\"},{\"@type\":\"Organization\",\"@id\":\"https:\\\/\\\/www.go-van.club\\\/#organization\",\"name\":\"Go-Van Club\",\"url\":\"https:\\\/\\\/www.go-van.club\\\/\",\"logo\":{\"@type\":\"ImageObject\",\"inLanguage\":\"en-CA\",\"@id\":\"https:\\\/\\\/www.go-van.club\\\/#\\\/schema\\\/logo\\\/image\\\/\",\"url\":\"https:\\\/\\\/www.go-van.club\\\/wp-content\\\/uploads\\\/2022\\\/05\\\/logo-header-emails.jpg\",\"contentUrl\":\"https:\\\/\\\/www.go-van.club\\\/wp-content\\\/uploads\\\/2022\\\/05\\\/logo-header-emails.jpg\",\"width\":600,\"height\":62,\"caption\":\"Go-Van Club\"},\"image\":{\"@id\":\"https:\\\/\\\/www.go-van.club\\\/#\\\/schema\\\/logo\\\/image\\\/\"},\"sameAs\":[\"https:\\\/\\\/www.facebook.com\\\/govancom\",\"https:\\\/\\\/www.instagram.com\\\/go_van_com\\\/\",\"https:\\\/\\\/www.pinterest.ca\\\/go_van_com\\\/\",\"https:\\\/\\\/www.youtube.com\\\/channel\\\/UC_AnmLplgds9mjfl-s732mw\"]}]}<\/script>\n<!-- \/ Yoast SEO plugin. -->","yoast_head_json":{"title":"Go-Box | C\u00e9cile Lodges - 20 pi - Go-Van Club","robots":{"index":"index","follow":"follow","max-snippet":"max-snippet:-1","max-image-preview":"max-image-preview:large","max-video-preview":"max-video-preview:-1"},"canonical":"https:\/\/www.go-van.club\/en\/book\/cecile-lodges\/","og_locale":"en_US","og_type":"article","og_title":"Go-Box | C\u00e9cile Lodges - 20 pi - Go-Van Club","og_description":"Located in the heart of the Mont Ste-C\u00e9cile site, C\u00e9cile Lodges will make its first accommodation unit available for rent from summer 2024. Sports and outdoor enthusiasts, will be able to enjoy access to mountain bike and cross-country ski trails from their cabin in a Bike\/ski &amp; sleep mode. LE BOX will give sports and&hellip;","og_url":"https:\/\/www.go-van.club\/en\/book\/cecile-lodges\/","og_site_name":"Go-Van Club","article_publisher":"https:\/\/www.facebook.com\/govancom","article_modified_time":"2025-09-11T16:40:25+00:00","og_image":[{"width":1336,"height":904,"url":"https:\/\/www.go-van.club\/wp-content\/uploads\/2024\/06\/DSCF6284.jpg","type":"image\/jpeg"}],"twitter_card":"summary_large_image","twitter_misc":{"Est. reading time":"2 minutes"},"schema":{"@context":"https:\/\/schema.org","@graph":[{"@type":"WebPage","@id":"https:\/\/www.go-van.club\/en\/book\/cecile-lodges\/","url":"https:\/\/www.go-van.club\/en\/book\/cecile-lodges\/","name":"Go-Box | C\u00e9cile Lodges - 20 pi - Go-Van Club","isPartOf":{"@id":"https:\/\/www.go-van.club\/#website"},"primaryImageOfPage":{"@id":"https:\/\/www.go-van.club\/en\/book\/cecile-lodges\/#primaryimage"},"image":{"@id":"https:\/\/www.go-van.club\/en\/book\/cecile-lodges\/#primaryimage"},"thumbnailUrl":"https:\/\/www.go-van.club\/wp-content\/uploads\/2024\/06\/DSCF6284.jpg","datePublished":"2024-06-17T19:53:54+00:00","dateModified":"2025-09-11T16:40:25+00:00","breadcrumb":{"@id":"https:\/\/www.go-van.club\/en\/book\/cecile-lodges\/#breadcrumb"},"inLanguage":"en-CA","potentialAction":[{"@type":"ReadAction","target":["https:\/\/www.go-van.club\/en\/book\/cecile-lodges\/"]}]},{"@type":"ImageObject","inLanguage":"en-CA","@id":"https:\/\/www.go-van.club\/en\/book\/cecile-lodges\/#primaryimage","url":"https:\/\/www.go-van.club\/wp-content\/uploads\/2024\/06\/DSCF6284.jpg","contentUrl":"https:\/\/www.go-van.club\/wp-content\/uploads\/2024\/06\/DSCF6284.jpg","width":1336,"height":904},{"@type":"BreadcrumbList","@id":"https:\/\/www.go-van.club\/en\/book\/cecile-lodges\/#breadcrumb","itemListElement":[{"@type":"ListItem","position":1,"name":"Home","item":"https:\/\/www.go-van.club\/en\/"},{"@type":"ListItem","position":2,"name":"Espaces Go-Van","item":"https:\/\/www.go-van.club\/reserver\/"},{"@type":"ListItem","position":3,"name":"Go-Box | C\u00e9cile Lodges &#8211; 20 pi"}]},{"@type":"WebSite","@id":"https:\/\/www.go-van.club\/#website","url":"https:\/\/www.go-van.club\/","name":"Go-Van Club","description":"R\u00e9servez pour la nuit dans nos espaces Go-Van","publisher":{"@id":"https:\/\/www.go-van.club\/#organization"},"potentialAction":[{"@type":"SearchAction","target":{"@type":"EntryPoint","urlTemplate":"https:\/\/www.go-van.club\/?s={search_term_string}"},"query-input":{"@type":"PropertyValueSpecification","valueRequired":true,"valueName":"search_term_string"}}],"inLanguage":"en-CA"},{"@type":"Organization","@id":"https:\/\/www.go-van.club\/#organization","name":"Go-Van Club","url":"https:\/\/www.go-van.club\/","logo":{"@type":"ImageObject","inLanguage":"en-CA","@id":"https:\/\/www.go-van.club\/#\/schema\/logo\/image\/","url":"https:\/\/www.go-van.club\/wp-content\/uploads\/2022\/05\/logo-header-emails.jpg","contentUrl":"https:\/\/www.go-van.club\/wp-content\/uploads\/2022\/05\/logo-header-emails.jpg","width":600,"height":62,"caption":"Go-Van Club"},"image":{"@id":"https:\/\/www.go-van.club\/#\/schema\/logo\/image\/"},"sameAs":["https:\/\/www.facebook.com\/govancom","https:\/\/www.instagram.com\/go_van_com\/","https:\/\/www.pinterest.ca\/go_van_com\/","https:\/\/www.youtube.com\/channel\/UC_AnmLplgds9mjfl-s732mw"]}]}},"jetpack_sharing_enabled":true,"_links":{"self":[{"href":"https:\/\/www.go-van.club\/en\/wp-json\/wp\/v2\/product\/28686","targetHints":{"allow":["GET"]}}],"collection":[{"href":"https:\/\/www.go-van.club\/en\/wp-json\/wp\/v2\/product"}],"about":[{"href":"https:\/\/www.go-van.club\/en\/wp-json\/wp\/v2\/types\/product"}],"replies":[{"embeddable":true,"href":"https:\/\/www.go-van.club\/en\/wp-json\/wp\/v2\/comments?post=28686"}],"wp:featuredmedia":[{"embeddable":true,"href":"https:\/\/www.go-van.club\/en\/wp-json\/wp\/v2\/media\/20858"}],"wp:attachment":[{"href":"https:\/\/www.go-van.club\/en\/wp-json\/wp\/v2\/media?parent=28686"}],"wp:term":[{"taxonomy":"product_brand","embeddable":true,"href":"https:\/\/www.go-van.club\/en\/wp-json\/wp\/v2\/product_brand?post=28686"},{"taxonomy":"product_cat","embeddable":true,"href":"https:\/\/www.go-van.club\/en\/wp-json\/wp\/v2\/product_cat?post=28686"},{"taxonomy":"product_tag","embeddable":true,"href":"https:\/\/www.go-van.club\/en\/wp-json\/wp\/v2\/product_tag?post=28686"}],"curies":[{"name":"wp","href":"https:\/\/api.w.org\/{rel}","templated":true}]}}